{"id":2100,"date":"2018-03-26T15:17:52","date_gmt":"2018-03-26T12:17:52","guid":{"rendered":"http:\/\/explorebucovina.com\/?page_id=2100"},"modified":"2018-03-26T15:17:52","modified_gmt":"2018-03-26T12:17:52","slug":"perche-dovresti-prenotare-con-noi","status":"publish","type":"page","link":"https:\/\/explorebucovina.com\/it\/perche-dovresti-prenotare-con-noi\/","title":{"rendered":"Perch\u00e9 dovresti prenotare con noi?"},"content":{"rendered":"<p><strong>1. Qualit\u00e0 dei servizi<\/strong><\/p>\n<p>Con exploreBUCOVINA, la qualit\u00e0 dei servizi \u00e8 sempre garantita. Noi facciamo del nostro meglio per rispettare i nostri clienti e garantire che la qualit\u00e0 dei servizi venga assicurata in ogni fase del nostro viaggio. Per mantenere questo standard nella qualit\u00e0 dei servizi cerchiamo di monitorare attentamente il grado di soddisfazione dei nostri clienti e siamo sempre alla ricerca di nuovi modi per superare le aspettative dei nostri clienti.<\/p>\n<p><strong>2. Un tocco personale<\/strong><\/p>\n<p>Dal primo contatto, durante tutto il vostro soggiorno e finch\u00e9 arriverete a casa, siamo sempre vicino a voi. Potrete conoscere personalmente il vostro consulente di viaggio con nome congnome ma anche di persona perch\u00e9 star\u00e0 al vostro fianco durante l\u2019intero viaggio.<\/p>\n<p><strong>3. Personale cordiale e competente<\/strong><\/p>\n<p>Abbiamo offerto esperienze di viaggio indimenticabili nella Bucovina ai nostri clienti provenienti da tutto il mondo. I nostri collaboratori hanno vaste conoscenze della Romania e e sono appasionati di quello che fanno.<\/p>\n<p><strong>4. Esperti locali<\/strong><\/p>\n<p>\u00c9 di massima importanta per noi offrirvi un\u2019esperienza indimenticabile e autentica tramite le nostre vacanze. In linea con le aspettative che abbiamo per il nostro staff, abbiamo selezionato solo i fornitori locali che sono cordiali, godono di una buona reputazione e hanno una conoscenza approfondita della zona.<\/p>\n<p><strong>5. Risparmia tempo e fatica<\/strong><\/p>\n<p>La rircerca e l\u2019organizzazione della tua vacanza pu\u00f2 essere un compito stressaante. Cerchiamo di fare questo lavoro per voi! Scegliendo exploreBUCOVINA \u00e8 possibile risparmiare tempo \u00e8 denaro prenotando tutti i servizi tramite i fornitori locali di beni e servizi.<\/p>\n<p><strong>6. Vacanze personalizzate<\/strong><\/p>\n<p>Creiamo le vacanze con voi in mente. I nostri pacchetti possono essere modificati o realizzati completamente da zero per soddisfare le vostre esigenze. I nostri esperti di viaggio hanno a disposizione le risorse per trasformare la vostra vacanza da sogno in realt\u00e0. Perch\u00e9 non contattarci con le vostre idee?<\/p>\n","protected":false},"excerpt":{"rendered":"<p>1. Qualit\u00e0 dei servizi Con exploreBUCOVINA, la qualit\u00e0 dei servizi \u00e8 sempre garantita. Noi facciamo del nostro meglio per rispettare i nostri clienti e garantire che la qualit\u00e0 dei servizi venga assicurata in ogni fase<span class=\"excerpt-hellip\"> [\u2026]<\/span><\/p>\n","protected":false},"author":1,"featured_media":0,"parent":0,"menu_order":0,"comment_status":"closed","ping_status":"open","template":"","meta":[],"_links":{"self":[{"href":"https:\/\/explorebucovina.com\/it\/wp-json\/wp\/v2\/pages\/2100"}],"collection":[{"href":"https:\/\/explorebucovina.com\/it\/wp-json\/wp\/v2\/pages"}],"about":[{"href":"https:\/\/explorebucovina.com\/it\/wp-json\/wp\/v2\/types\/page"}],"author":[{"embeddable":true,"href":"https:\/\/explorebucovina.com\/it\/wp-json\/wp\/v2\/users\/1"}],"replies":[{"embeddable":true,"href":"https:\/\/explorebucovina.com\/it\/wp-json\/wp\/v2\/comments?post=2100"}],"version-history":[{"count":1,"href":"https:\/\/explorebucovina.com\/it\/wp-json\/wp\/v2\/pages\/2100\/revisions"}],"predecessor-version":[{"id":2101,"href":"https:\/\/explorebucovina.com\/it\/wp-json\/wp\/v2\/pages\/2100\/revisions\/2101"}],"wp:attachment":[{"href":"https:\/\/explorebucovina.com\/it\/wp-json\/wp\/v2\/media?parent=2100"}],"curies":[{"name":"wp","href":"https:\/\/api.w.org\/{rel}","templated":true}]}}